{"id":2177,"date":"2023-01-03T16:21:50","date_gmt":"2023-01-03T16:21:50","guid":{"rendered":"http:\/\/isiap-esias.ma\/centre\/?page_id=2177"},"modified":"2023-01-04T23:03:08","modified_gmt":"2023-01-04T23:03:08","slug":"mot-du-president","status":"publish","type":"page","link":"https:\/\/isiap-esias.ma\/centre\/mot-du-president\/","title":{"rendered":"Mot du pr\u00e9sident"},"content":{"rendered":"\t\t<div data-elementor-type=\"wp-page\" data-elementor-id=\"2177\" class=\"elementor elementor-2177\">\n\t\t\t\t\t\t<section class=\"elementor-section elementor-top-section elementor-element elementor-element-db6da03 elementor-section-boxed elementor-section-height-default elementor-section-height-default\" data-id=\"db6da03\" data-element_type=\"section\" data-settings=\"{&quot;background_background&quot;:&quot;classic&quot;}\">\n\t\t\t\t\t\t<div class=\"elementor-container elementor-column-gap-thegem\">\n\t\t\t\t\t<div class=\"elementor-column elementor-col-100 elementor-top-column elementor-element elementor-element-3ed84553\" data-id=\"3ed84553\" data-element_type=\"column\">\n\t\t\t<div class=\"elementor-widget-wrap elementor-element-populated\">\n\t\t\t\t\t\t<div class=\"elementor-element elementor-element-4ae9ce7c flex-horizontal-align-default flex-horizontal-align-tablet-default flex-horizontal-align-mobile-default flex-vertical-align-default flex-vertical-align-tablet-default flex-vertical-align-mobile-default elementor-widget elementor-widget-thegem-testimonials\" data-id=\"4ae9ce7c\" data-element_type=\"widget\" data-settings=\"{&quot;thegem_elementor_preset&quot;:&quot;style2&quot;,&quot;content_testimonials_cat&quot;:[&quot;blocks-testimonials-01&quot;,&quot;customers&quot;],&quot;content_elems_img&quot;:&quot;yes&quot;,&quot;content_elems_name&quot;:&quot;yes&quot;,&quot;content_elems_position&quot;:&quot;yes&quot;,&quot;content_elems_company&quot;:&quot;yes&quot;,&quot;content_elems_quote&quot;:&quot;yes&quot;}\" data-widget_type=\"thegem-testimonials.default\">\n\t\t\t\t<div class=\"elementor-widget-container\">\n\t\t\t\n\t\t\t<div class=\"preloader\">\n\t\t\t\t<div class=\"preloader-spin\"><\/div>\n\t\t\t<\/div>\n\t\t\t\n\t\t\t<div class=\"style2 gem-testimonials\n\t\t\t\"\n\t\t\t >\n\t\t\t\n\t\t\t\t\t\t\t<style>.gem-testimonials-navigation{display: block;}<\/style>\n\t\t\t \n\n\t\t\t\t\n<div id=\"post-401\" class=\"gem-testimonial-item post-401 thegem_testimonial type-thegem_testimonial status-publish has-post-thumbnail\">\n\t<a href=\"#\" target=\"_blank\">\t\t<div class=\"gem-testimonial-wrapper  \">\n\n\t\t\t\t\t\t\t<div class=\"gem-testimonial-image\">\n\t\t\t\t\t<span>\n\t\t\t\t\t\t<img fetchpriority=\"high\" decoding=\"async\" width=\"512\" height=\"512\" src=\"https:\/\/isiap-esias.ma\/centre\/wp-content\/uploads\/2020\/02\/8025287921598811056-512.png\" class=\"img-responsive img-circle wp-post-image\" alt=\"\" srcset=\"https:\/\/isiap-esias.ma\/centre\/wp-content\/uploads\/2020\/02\/8025287921598811056-512-thegem-testimonial.png 2x\" sizes=\"100vw\" \/>\t\t\t\t\t<\/span>\n\t\t\t\t<\/div>\n\t\t\t\n\t\t\t<div class=\"gem-testimonial-content\">\n\n\t\t\t\t\t\t\t<div class=\"gem-testimonial-name title-h6\">Mme Rachida<\/div>\t\t\t\n\t\t\t\t\t\t\t<div class=\"gem-testimonial-company\">Pr\u00e9sidente du centre<\/div>\t\t\t\n\t\t\t\n\t\t\t\t<div class=\"gem-testimonial-text\">\n\t\t\t\t\t<p>En tant que pr\u00e9sidente de notre centre de formation ISIAP-ESIAS, je suis fier de pouvoir offrir aux \u00e9tudiants des enseignements de qualit\u00e9 et ax\u00e9s sur la pratique, qui leur permettront de devenir de v\u00e9ritables professionnels comp\u00e9tents et responsables.<\/p>\n<p>Depuis sa cr\u00e9ation il y a maintenant plus de 25 ans, notre centre de formation a su se faire une place de choix dans le paysage de la formation professionnelle sup\u00e9rieure au Maroc, gr\u00e2ce \u00e0 la qualit\u00e9 de ses enseignements et \u00e0 la professionnalisation de ses \u00e9tudiants.<\/p>\n<p>Notre mission est de contribuer \u00e0 l&rsquo;am\u00e9lioration de la qualit\u00e9 des soins et des services rendus aux patients et aux usagers, ainsi qu&rsquo;\u00e0 la modernisation et \u00e0 l&rsquo;efficacit\u00e9 des syst\u00e8mes informatiques.<\/p>\n<p>Nous sommes convaincus que nos \u00e9tudiants sont les futurs professionnels qui permettront d&rsquo;atteindre cet objectif.<\/p>\n<p>Je tiens \u00e0 remercier tous les enseignants et tous les membres de notre \u00e9quipe pour leur engagement et leur d\u00e9vouement, qui sont \u00e0 l&rsquo;origine de la r\u00e9ussite de notre centre de formation.<\/p>\n<p>Notre centre de formation est ouvert \u00e0 tous et nous sommes fiers de pouvoir accueillir des \u00e9tudiants de tous horizons et de tous niveaux.<\/p>\n<p>Nous croyons en la diversit\u00e9 et en la richesse qu&rsquo;elle apporte, et nous sommes persuad\u00e9s qu&rsquo;elle est un atout pour la r\u00e9ussite de nos \u00e9tudiants.<\/p>\n\t\t\t\t<\/div>\n\t\t\t<\/div>\n\t<\/div>\n\n\t<\/a><\/div>\n\t\t\t\t<div class=\"testimonials_svg\"><svg width=\"100\" height=\"50\"><path d=\"M 0,-1 Q 45,5 50,50 Q 55,5 100,-1\" \/><\/svg><\/div>\n\t\t\t<\/div>\n\n\t\t\t \n\n\n\n\t\t\t\t<\/div>\n\t\t\t\t<\/div>\n\t\t\t\t\t<\/div>\n\t\t<\/div>\n\t\t\t\t\t<\/div>\n\t\t<\/section>\n\t\t\t\t<section class=\"elementor-section elementor-top-section elementor-element elementor-element-760ea76 elementor-section-boxed elementor-section-height-default elementor-section-height-default\" data-id=\"760ea76\" data-element_type=\"section\">\n\t\t\t\t\t\t<div class=\"elementor-container elementor-column-gap-thegem\">\n\t\t\t\t\t<div class=\"elementor-column elementor-col-100 elementor-top-column elementor-element elementor-element-cc7f203\" data-id=\"cc7f203\" data-element_type=\"column\">\n\t\t\t<div class=\"elementor-widget-wrap elementor-element-populated\">\n\t\t\t\t\t\t<div class=\"elementor-element elementor-element-05f688c elementor-star-rating--align-center elementor--star-style-star_fontawesome flex-horizontal-align-default flex-horizontal-align-tablet-default flex-horizontal-align-mobile-default flex-vertical-align-default flex-vertical-align-tablet-default flex-vertical-align-mobile-default elementor-widget elementor-widget-star-rating\" data-id=\"05f688c\" data-element_type=\"widget\" data-widget_type=\"star-rating.default\">\n\t\t\t\t<div class=\"elementor-widget-container\">\n\t\t\t<style>\/*! elementor - v3.20.0 - 13-03-2024 *\/\n@charset \"UTF-8\";.elementor-star-rating{color:#ccd6df;font-family:eicons;display:inline-block}.elementor-star-rating i{display:inline-block;position:relative;font-style:normal;cursor:default}.elementor-star-rating i:before{content:\"\\e934\";display:block;font-size:inherit;font-family:inherit;position:absolute;overflow:hidden;color:#f0ad4e;top:0;left:0}.elementor-star-rating .elementor-star-empty:before{content:none}.elementor-star-rating .elementor-star-1:before{width:10%}.elementor-star-rating .elementor-star-2:before{width:20%}.elementor-star-rating .elementor-star-3:before{width:30%}.elementor-star-rating .elementor-star-4:before{width:40%}.elementor-star-rating .elementor-star-5:before{width:50%}.elementor-star-rating .elementor-star-6:before{width:60%}.elementor-star-rating .elementor-star-7:before{width:70%}.elementor-star-rating .elementor-star-8:before{width:80%}.elementor-star-rating .elementor-star-9:before{width:90%}.elementor-star-rating__wrapper{display:flex;align-items:center}.elementor-star-rating__title{margin-right:10px}.elementor-star-rating--align-right .elementor-star-rating__wrapper{text-align:right;justify-content:flex-end}.elementor-star-rating--align-left .elementor-star-rating__wrapper{text-align:left;justify-content:flex-start}.elementor-star-rating--align-center .elementor-star-rating__wrapper{text-align:center;justify-content:center}.elementor-star-rating--align-justify .elementor-star-rating__title{margin-right:auto}@media (max-width:1024px){.elementor-star-rating-tablet--align-right .elementor-star-rating__wrapper{text-align:right;justify-content:flex-end}.elementor-star-rating-tablet--align-left .elementor-star-rating__wrapper{text-align:left;justify-content:flex-start}.elementor-star-rating-tablet--align-center .elementor-star-rating__wrapper{text-align:center;justify-content:center}.elementor-star-rating-tablet--align-justify .elementor-star-rating__title{margin-right:auto}}@media (max-width:767px){.elementor-star-rating-mobile--align-right .elementor-star-rating__wrapper{text-align:right;justify-content:flex-end}.elementor-star-rating-mobile--align-left .elementor-star-rating__wrapper{text-align:left;justify-content:flex-start}.elementor-star-rating-mobile--align-center .elementor-star-rating__wrapper{text-align:center;justify-content:center}.elementor-star-rating-mobile--align-justify .elementor-star-rating__title{margin-right:auto}}.last-star{letter-spacing:0}.elementor--star-style-star_unicode .elementor-star-rating{font-family:Arial,Helvetica,sans-serif}.elementor--star-style-star_unicode .elementor-star-rating i:not(.elementor-star-empty):before{content:\"\u2605\"}<\/style>\n\t\t<div class=\"elementor-star-rating__wrapper\">\n\t\t\t\t\t\t<div class=\"elementor-star-rating\" title=\"5\/5\" itemtype=\"http:\/\/schema.org\/Rating\" itemscope=\"\" itemprop=\"reviewRating\"><i class=\"elementor-star-full\">&#xE934;<\/i><i class=\"elementor-star-full\">&#xE934;<\/i><i class=\"elementor-star-full\">&#xE934;<\/i><i class=\"elementor-star-full\">&#xE934;<\/i><i class=\"elementor-star-full\">&#xE934;<\/i> <span itemprop=\"ratingValue\" class=\"elementor-screen-only\">5\/5<\/span><\/div>\t\t<\/div>\n\t\t\t\t<\/div>\n\t\t\t\t<\/div>\n\t\t\t\t<div class=\"elementor-element elementor-element-39085c5 flex-horizontal-align-default flex-horizontal-align-tablet-default flex-horizontal-align-mobile-default flex-vertical-align-default flex-vertical-align-tablet-default flex-vertical-align-mobile-default elementor-widget elementor-widget-text-editor\" data-id=\"39085c5\" data-element_type=\"widget\" data-widget_type=\"text-editor.default\">\n\t\t\t\t<div class=\"elementor-widget-container\">\n\t\t\t<style>\/*! elementor - v3.20.0 - 13-03-2024 *\/\n.elementor-widget-text-editor.elementor-drop-cap-view-stacked .elementor-drop-cap{background-color:#69727d;color:#fff}.elementor-widget-text-editor.elementor-drop-cap-view-framed .elementor-drop-cap{color:#69727d;border:3px solid;background-color:transparent}.elementor-widget-text-editor:not(.elementor-drop-cap-view-default) .elementor-drop-cap{margin-top:8px}.elementor-widget-text-editor:not(.elementor-drop-cap-view-default) .elementor-drop-cap-letter{width:1em;height:1em}.elementor-widget-text-editor .elementor-drop-cap{float:left;text-align:center;line-height:1;font-size:50px}.elementor-widget-text-editor .elementor-drop-cap-letter{display:inline-block}<\/style>\t\t\t\t\t\t\t\t\t\t<\/div>\n\t\t\t\t<\/div>\n\t\t\t\t\t<\/div>\n\t\t<\/div>\n\t\t\t\t\t<\/div>\n\t\t<\/section>\n\t\t\t\t<\/div>\n\t\t","protected":false},"excerpt":{"rendered":"<p>Mme Rachida Pr\u00e9sidente du centre En tant que pr\u00e9sidente de notre centre de formation ISIAP-ESIAS, je suis fier de pouvoir&#8230;<\/p>\n","protected":false},"author":1,"featured_media":0,"parent":0,"menu_order":0,"comment_status":"closed","ping_status":"closed","template":"page-fullwidth.php","meta":{"footnotes":""},"class_list":["post-2177","page","type-page","status-publish"],"_links":{"self":[{"href":"https:\/\/isiap-esias.ma\/centre\/wp-json\/wp\/v2\/pages\/2177","targetHints":{"allow":["GET"]}}],"collection":[{"href":"https:\/\/isiap-esias.ma\/centre\/wp-json\/wp\/v2\/pages"}],"about":[{"href":"https:\/\/isiap-esias.ma\/centre\/wp-json\/wp\/v2\/types\/page"}],"author":[{"embeddable":true,"href":"https:\/\/isiap-esias.ma\/centre\/wp-json\/wp\/v2\/users\/1"}],"replies":[{"embeddable":true,"href":"https:\/\/isiap-esias.ma\/centre\/wp-json\/wp\/v2\/comments?post=2177"}],"version-history":[{"count":23,"href":"https:\/\/isiap-esias.ma\/centre\/wp-json\/wp\/v2\/pages\/2177\/revisions"}],"predecessor-version":[{"id":11502,"href":"https:\/\/isiap-esias.ma\/centre\/wp-json\/wp\/v2\/pages\/2177\/revisions\/11502"}],"wp:attachment":[{"href":"https:\/\/isiap-esias.ma\/centre\/wp-json\/wp\/v2\/media?parent=2177"}],"curies":[{"name":"wp","href":"https:\/\/api.w.org\/{rel}","templated":true}]}}